{"id":51610,"date":"2022-01-25T14:06:17","date_gmt":"2022-01-25T14:06:17","guid":{"rendered":"https:\/\/tekahome.teka.com\/?page_id=51610"},"modified":"2022-03-09T17:15:32","modified_gmt":"2022-03-09T17:15:32","slug":"terminos-y-condiciones","status":"publish","type":"page","link":"https:\/\/tekahome.teka.com\/es-es\/terminos-y-condiciones\/","title":{"rendered":"T\u00e9rminos y condiciones"},"content":{"rendered":"<p>[et_pb_section fb_built=\u00bb1&#8243; _builder_version=\u00bb4.9.4&#8243; _module_preset=\u00bbdefault\u00bb][et_pb_row _builder_version=\u00bb4.9.4&#8243; _module_preset=\u00bbdefault\u00bb][et_pb_column _builder_version=\u00bb4.9.4&#8243; _module_preset=\u00bbdefault\u00bb type=\u00bb4_4&#8243;][et_pb_text _builder_version=\u00bb4.9.4&#8243; _module_preset=\u00bbdefault\u00bb hover_enabled=\u00bb0&#8243; sticky_enabled=\u00bb0&#8243;]<\/p>\n<h1><strong>T\u00e9rminos y condiciones de uso de la app Teka Home<\/strong><\/h1>\n<p>&nbsp;<\/p>\n<p><strong>ACEPTACI\u00d3N DE NUESTROS T\u00c9RMINOS<\/strong><\/p>\n<p>Al crear una cuenta o utilizar nuestros servicios, usted est\u00e1 aceptando los T\u00e9rminos y Condiciones de Uso de la App de TEKA HOME (en adelante los \u201c<strong>T&amp;C<\/strong>\u201d). Por tanto, al crear una cuenta confirma que conoce y que ha le\u00eddo los presentes T&amp;C, los cuales ser\u00e1n de obligado cumplimiento. Si no desea quedar vinculado por los mismos, no deber\u00e1 darse de alta como usuario ni utilizar los servicios proporcionados.<\/p>\n<p>Al crear una cuenta de usuario, usted confirma que:<\/p>\n<ul>\n<li style=\"list-style-type: none;\">\n<ol>\n<li>Usted tiene 18 a\u00f1os y la capacidad para entender estos T&amp;C.<\/li>\n<li>Usted ha adquirido o tiene poder de disposici\u00f3n de un electrodom\u00e9stico marca TEKA de los que se listan en el cuerpo del presente documento.<\/li>\n<\/ol>\n<\/li>\n<\/ul>\n<p>Se le informa expresamente de la posibilidad de que estos T&amp;C var\u00eden con el tiempo, por lo que podr\u00e1 chequear los T&amp;C actualizados en cualquier momento desde la App, as\u00ed como desde nuestro sitio web. Si TEKA considera que los cambios son sustanciales o importantes, se le enviar\u00e1 una notificaci\u00f3n a la direcci\u00f3n de correo electr\u00f3nico vinculada a su cuenta de TEKA HOME previa la entrada en vigor de los T\u00e9rminos actualizados. Si no est\u00e1 de acuerdo con los cambios, puede dejar de usar nuestros servicios, as\u00ed como cursar su baja como usuario. No obstante, si tras dicha comunicaci\u00f3n, contin\u00faa utilizando nuestros servicios, usted confirma que entiende y acepta los t\u00e9rminos actualizados.<\/p>\n<p><strong>USO DE NUESTROS SERVICIOS<\/strong><\/p>\n<ol>\n<li><strong>LICENCIA <\/strong><\/li>\n<\/ol>\n<p>Al darse de alta como usuario en la App de TEKA HOME, se le otorga una licencia limitada, no exclusiva, intransferible y revocable para utilizar nuestros servicios. Toda referencia a nuestros servicios incluye todo el contenido relacionado con los mismos, as\u00ed como cualquier otro material utilizado para implementar y proporcionarle acceso, incluidas actualizaciones, mejoras, modificaciones, revisiones o ampliaciones de nuestros servicios.<\/p>\n<p>Usted reconoce y acepta que TEKA INDUSTRIAL S.A. es la \u00fanica titular de los servicios, as\u00ed como de la App, y que dichos servicios est\u00e1n protegidos por nuestros derechos de autor, marcas, secretos comerciales, patentes y otros derechos de propiedad intelectual o industrial.<\/p>\n<p>La disponibilidad y caracter\u00edsticas de nuestros servicios puede variar dependiendo de su ubicaci\u00f3n, del dispositivo que utilice o de la versi\u00f3n del software o del sistema operativo que tenga, as\u00ed como de los electrodom\u00e9sticos o productos en los que se pretenda utilizar. Le recordamos que esta App no est\u00e1 disponible para el uso de todos los electrodom\u00e9sticos de la marca TEKA. As\u00ed mismo, TEKA no est\u00e1 obligada a proporcionarle todos los servicios en todas partes y para todo tipo de dispositivos y versiones de software y sistemas operativos.<\/p>\n<ol start=\"2\">\n<li><strong>USUARIO<\/strong><\/li>\n<\/ol>\n<p>Con el objetivo de proteger la seguridad y secreto de todos los usuarios, as\u00ed como para que nuestros servicios puedan estar disponibles sin interrupciones, usted acepta que:<\/p>\n<ul>\n<li style=\"list-style-type: none;\">\n<ol>\n<li>Queda prohibida la realizaci\u00f3n de ingenier\u00eda inversa, por lo que no descompilar\u00e1 ni desensamblar\u00e1 ni tampoco realizar\u00e1 cualesquiera intentos de descubrir el c\u00f3digo fuente o los algoritmos de nuestros servicios.<\/li>\n<li>Queda prohibida la modificaci\u00f3n y\/o desactivaci\u00f3n de las caracter\u00edsticas de nuestros Servicios.<\/li>\n<li>\u00a0No crear\u00e1 ninguna obra derivada tomando como base nuestros Servicios.<\/li>\n<li>No infringir\u00e1 nuestros derechos de propiedad intelectual y\/o industrial.<\/li>\n<li>Queda prohibida la utilizaci\u00f3n de nuestros Servicios de manera que viole estos T&amp;C o cualquier ley, norma, reglamento, c\u00f3digo de pr\u00e1cticas, directrices o cualquier otro requisito de las autoridades reguladoras, seg\u00fan sean enmendados cada cierto tiempo, dentro de la jurisdicci\u00f3n en la que usted sea residente o desde la que utilice los servicios (\u201cLegislaci\u00f3n aplicable\u201d).<\/li>\n<li>Queda prohibido el uso de nuestros servicios de forma fraudulenta o maliciosa.<\/li>\n<li>No utilizar\u00e1 nuestros Servicios de con el objeto de da\u00f1ar, desactivar, sobrecargar, perjudicar o comprometer nuestros sistemas o la seguridad, o interferir con otros usuarios.<\/li>\n<\/ol>\n<\/li>\n<\/ul>\n<ol start=\"3\">\n<li><strong> CUENTA DE USUARIO DE TEKA HOME<\/strong><\/li>\n<\/ol>\n<p>Necesitar\u00e1 una cuenta de usuario para el uso de la App de TEKA HOME. Al crear dicha cuenta usted acepta que:<\/p>\n<ul>\n<li style=\"list-style-type: none;\">\n<ol>\n<li>La informaci\u00f3n proporcionada ser\u00e1 veraz, precisa y actualizada<\/li>\n<li>Actualizar\u00e1 su cuenta si la informaci\u00f3n cambia.<\/li>\n<li>Proteger\u00e1 su contrase\u00f1a y no la compartir\u00e1 con nadie.<\/li>\n<li>Se pondr\u00e1 en contacto con TEKA inmediatamente si sospecha que alguien m\u00e1s est\u00e1 usando su cuenta sin su consentimiento.<\/li>\n<\/ol>\n<\/li>\n<\/ul>\n<p>Se le informa de que al crearse una cuenta de usuario en la App de TEKA HOME, las credenciales proporcionadas ser\u00e1n las mismas que usted habr\u00e1 creado para todas las posibles Apps y servicios que TEKA GROUP le pueda proporcionar, con independencia de que usted est\u00e9 dado de alta o no. Es decir, en caso de querer darse de alta en otros servicios proporcionados por TEKA GROUP, tan solo tendr\u00e1 que utilizar su usuario y contrase\u00f1a aqu\u00ed generado. No obstante, tal y como se indica en la Pol\u00edtica de Privacidad, sus datos no ser\u00e1n compartidos con el resto de las aplicaciones sin su consentimiento o si usted no se ha dado de alta expresamente.<\/p>\n<ol start=\"4\">\n<li><strong>INTERNET <\/strong><\/li>\n<\/ol>\n<p>El uso de la App TEKA HOME requiere acceso a Internet a trav\u00e9s de WIFI. Por tanto, usted reconoce que el acceso a Internet puede resultar en costes dependiendo de su tarifa, y que TEKA no es responsable del coste, la disponibilidad o velocidad de su red de Internet.<\/p>\n<ol start=\"5\">\n<li><strong>ACTUALIZACIONES <\/strong><\/li>\n<\/ol>\n<p>TEKA HOME podr\u00e1 realizar cuantas actualizaciones y mejoras considere necesarias para que la App cuente con la mayor de funcionalidades posible. Estas actualizaciones y mejoras est\u00e1n dise\u00f1adas para mejorar, perfeccionar y seguir desarrollando la App, pudiendo incluir correcciones de errores, revisiones, funciones mejoradas, complementos y nuevas versiones. Estas actualizaciones siempre requerir\u00e1n su consentimiento y descarga previa sin la cual el usuario no podr\u00e1 disfrutar de las mismas.<\/p>\n<p>No obstante, determinadas actualizaciones que se marquen como esenciales, (correcciones de errores cr\u00edticos o actualizaciones de seguridad) podr\u00e1n ser objeto de descarga autom\u00e1tica e instalaci\u00f3n sin su consentimiento, todo ello para protegerle a usted y a otros usuarios.<\/p>\n<ol start=\"6\">\n<li><strong>MODIFICACI\u00d3N<\/strong><\/li>\n<\/ol>\n<p>TEKA se reserva su derecho para, en cualquier momento:<\/p>\n<ul>\n<li style=\"list-style-type: none;\">\n<ol>\n<li>Cambiar, a\u00f1adir, suspender o eliminar funcionalidades de la App.<\/li>\n<li>Suspender o cancelar su derecho a utilizar nuestra App, incluido el acceso a su cuenta o datos.<\/li>\n<li>Revisar, filtrar, modificar, rechazar, denegar, bloquear el acceso o eliminar todo el contenido o parte del mismo de nuestra App.<\/li>\n<li>Ampliar, eliminar o incluir modelos de productos<\/li>\n<\/ol>\n<\/li>\n<\/ul>\n<ol start=\"7\">\n<li><strong>PRODUCTOS<\/strong><\/li>\n<\/ol>\n<p>La App de TEKA HOME es compatible con el uso de los siguientes productos:<\/p>\n<ul>\n<li>Hornos \u2013 HLB 8700 y HLB 8700P<\/li>\n<li>Placas \u2013 IZF68600, IZF 68660, IZF 68800, IZF 68900, IZF 68960<\/li>\n<li>Campanas \u2013 DLV 99670 TOS BK<\/li>\n<\/ul>\n<ol start=\"8\">\n<li><strong>AVISOS<\/strong><\/li>\n<\/ol>\n<p>Cualquier cambio, suspensi\u00f3n o interrupci\u00f3n de los servicios, se le notificar\u00e1 tan pronto como sea posible y siempre atendiendo a la urgencia de dicha acci\u00f3n.<\/p>\n<ol start=\"9\">\n<li><strong>RESPONSABILIDAD<\/strong><\/li>\n<\/ol>\n<p><strong><u>EXENCI\u00d3N<\/u><\/strong><\/p>\n<p>Los servicios que TEKA proporciona en la aplicaci\u00f3n TEKA HOME se proporcionan \u201ctal cual\u201d, \u201cdonde se encuentran\u201d y \u201ctal y como est\u00e1n disponibles\u201d, y sin garant\u00edas de ning\u00fan tipo. TEKA no realiza manifestaci\u00f3n o garant\u00eda de ning\u00fan tipo, ni expresa ni impl\u00edcita, en relaci\u00f3n con los servicios, y en la medida m\u00e1xima que lo permita la Ley aplicable, especialmente, rechaza todas las garant\u00edas, incluyendo, sin limitaci\u00f3n alguna, ninguna garant\u00eda de comerciabilidad, aptitud para una finalidad particular y no infracci\u00f3n.<\/p>\n<p>TEKA no garantiza que los servicios proporcionados:<\/p>\n<ul>\n<li>sean compatibles con su hardware o software,<\/li>\n<li>funcionen de manera ininterrumpida, segura y sin errores,<\/li>\n<li>est\u00e9n siempre disponibles y libre de componentes perjudiciales o errores, como virus, interferencias, corrupciones y otras instrucciones de seguridad,<\/li>\n<li>sean seguros y libres de hackeo o de cualquier otro uso no autorizado,<\/li>\n<li>satisfagan sus necesidades<\/li>\n<\/ul>\n<p>TEKA no se hace responsable del uso particular que cada usuario pueda efectuar de la App con el producto conectado, as\u00ed como del uso del producto en s\u00ed mismo.<\/p>\n<p><strong>LIMITACI\u00d3N <\/strong><\/p>\n<p>TEKA no se har\u00e1 responsable, en la medida permitida por la legislaci\u00f3n aplicable, por p\u00e9rdidas o da\u00f1os en los siguientes supuestos:<\/p>\n<ul>\n<li>cuando la p\u00e9rdida sea indirecta, incidental, especial, consecuente o comprenda da\u00f1os ejemplares o punitivos;<\/li>\n<li>por p\u00e9rdida de beneficios, oportunidades, datos;<\/li>\n<li>cuando la p\u00e9rdida se relacione con errores, omisiones, problemas de conexi\u00f3n o de conectividad o costes de red (esta exoneraci\u00f3n de responsabilidad ser\u00e1 aplicable en la medida en la que la legislaci\u00f3n local del pa\u00eds as\u00ed lo permita).<\/li>\n<\/ul>\n<p>&nbsp;<\/p>\n<ol start=\"10\">\n<li><strong> TERMINACI\u00d3N<\/strong><\/li>\n<\/ol>\n<p><strong>POR EL USUARIO:<\/strong><\/p>\n<p>El usuario podr\u00e1 rescindir los presentes T&amp;C eliminando su cuenta de TEKA, as\u00ed como dejando de hacer uso de la App de TEKA HOME.<\/p>\n<p><strong>POR TEKA<\/strong><\/p>\n<p>TEKA se reserva el derecho a suspender o eliminar su cuenta de usuario, o dejar de proporcionarle todos o parte de nuestros servicios en cualquier momento, si concurre alguna de estas circunstancias:<\/p>\n<ul>\n<li style=\"list-style-type: none;\">\n<ol>\n<li>Tiene la sospecha razonable de que el usuario ha violado estos T&amp;C o las instrucciones de uso proporcionadas.<\/li>\n<li>Decide unilateralmente la suspensi\u00f3n de sus servicios (ya sea en todo el mundo o en el pa\u00eds donde usted reside o desde donde est\u00e1 usando la App).<\/li>\n<li>Es exigido legalmente en virtud de la normativa aplicable (por ejemplo, debido a cambios en la Legislaci\u00f3n aplicable o a fallos o sentencias judiciales que hagan que los servicios o parte de los mismos se consideren ilegales).<\/li>\n<\/ol>\n<\/li>\n<\/ul>\n<p>En el caso de suspensi\u00f3n o eliminaci\u00f3n de su cuenta de usuario, se le intentar\u00e1 notificar mediante el correo electr\u00f3nico asociado con su cuenta o en un mensaje que aparecer\u00e1 la pr\u00f3xima vez que usted intente acceder a la cuenta.<\/p>\n<p>La rescisi\u00f3n de estos T&amp;C no afectar\u00e1 a los derechos, obligaciones y responsabilidades que usted o nosotros hayamos acumulado o incurrido durante la vigencia de los mismos.<\/p>\n<ol start=\"11\">\n<li><strong>JURISDICCI\u00d3N APLICABLE Y COMPETENCIA<\/strong><\/li>\n<\/ol>\n<p><strong>Los presentes t\u00e9rminos y condiciones <\/strong>se regir\u00e1n e interpretar\u00e1n de acuerdo con las leyes de la jurisdicci\u00f3n en la que usted es residente, sin tener en cuenta sus disposiciones de conflicto de leyes.<\/p>\n<ol start=\"12\">\n<li><strong>CONTRATO Y NULIDAD PARCIAL<\/strong><\/li>\n<\/ol>\n<p>Los presentes T&amp;C junto con nuestra Pol\u00edtica de privacidad, as\u00ed como cualquier documento, pol\u00edtica, normativa adicional que acompa\u00f1e a nuestros servicios, constituir\u00e1 el acuerdo completo entre usted y TEKA y reemplazar\u00e1 a cualquier comunicaci\u00f3n oral o escrita, propuestas y representaciones anteriores o contempor\u00e1neas.<\/p>\n<p>Si alguna disposici\u00f3n de los presentes T&amp;C se declarase nula, no v\u00e1lida, ilegal o no ejecutable (en su totalidad o en parte), el resto de las disposiciones de estos T&amp;C permanecer\u00e1n en pleno vigor y efecto. Usted puede estar sujeto a t\u00e9rminos y condiciones adicionales que rigen el uso de servicios, contenido o software de terceros.<\/p>\n<ol start=\"13\">\n<li><strong>NO RENUNCIA <\/strong><\/li>\n<\/ol>\n<p>El hecho de no ejercer o hacer valer alguno de los derechos que TEKA pueda tener reconocidos, no se interpretar\u00e1 como renuncia formal a los derechos o recursos de TEKA, que seguir\u00e1n estando disponibles para su ejercicio.<\/p>\n<ol start=\"14\">\n<li><strong>COMUNICACI\u00d3N<\/strong><\/li>\n<\/ol>\n<p>Mediante la aceptaci\u00f3n de las presentes condiciones, usted acepta la recepci\u00f3n de una copia de todos los acuerdos, notificaciones, modificaciones, divulgaciones y otras comunicaciones por v\u00eda electr\u00f3nica, incluyendo por correo electr\u00f3nico, avisos emergentes o mensajes de texto.<\/p>\n<p>\u00daltima actualizaci\u00f3n: 30 de abril de 2021<\/p>\n<p>&nbsp;<\/p>\n<p>&nbsp;<\/p>\n<p>&nbsp;<\/p>\n<p>&nbsp;<\/p>\n<p>&nbsp;<\/p>\n<p>[\/et_pb_text][\/et_pb_column][\/et_pb_row][\/et_pb_section]<\/p>\n","protected":false},"excerpt":{"rendered":"<p>T\u00e9rminos y condiciones de uso de la app Teka Home &nbsp; ACEPTACI\u00d3N DE NUESTROS T\u00c9RMINOS Al crear una cuenta o utilizar nuestros servicios, usted est\u00e1 aceptando los T\u00e9rminos y Condiciones de Uso de la App de TEKA HOME (en adelante los \u201cT&amp;C\u201d). Por tanto, al crear una cuenta confirma que conoce y que ha le\u00eddo [&hellip;]<\/p>\n","protected":false},"author":2,"featured_media":51585,"parent":0,"menu_order":0,"comment_status":"closed","ping_status":"closed","template":"teka\/landing-Tien21.php","meta":{"_acf_changed":false,"_et_pb_use_builder":"on","_et_pb_old_content":"<p>[et_pb_section fb_built=\"1\" custom_padding_last_edited=\"on|phone\" _builder_version=\"4.9.4\" _module_preset=\"default\" background_image=\"https:\/\/tekahome.teka.com\/wp-content\/uploads\/sites\/11\/2022\/01\/Teka-Home-Coming-soon-BG.jpg\" background_enable_video_mp4=\"off\" min_height=\"665px\" custom_margin=\"||||false|false\" custom_padding=\"||55px||false|false\" custom_padding_tablet=\"\" custom_padding_phone=\"||0px||false|false\" custom_css_main_element=\"display:flex;||align-items:center;\" collapsed=\"off\" custom_css_main_element_last_edited=\"on|phone\" custom_css_main_element_phone=\"display:flex;||align-items:center;\"][et_pb_row _builder_version=\"4.9.4\" _module_preset=\"default\" custom_margin=\"|auto|210px|auto|false|false\" custom_margin_tablet=\"\" custom_margin_phone=\"-3px|auto|0px|auto|false|false\" custom_margin_last_edited=\"on|phone\"][et_pb_column type=\"4_4\" _builder_version=\"4.9.2\" _module_preset=\"default\"][et_pb_text _builder_version=\"4.9.4\" _module_preset=\"default\" text_font=\"Montserrat||||||||\" text_text_color=\"#FFFFFF\" text_font_size=\"20px\" header_text_color=\"#FFFFFF\" header_font_size=\"35px\" header_2_text_color=\"#FFFFFF\" text_orientation=\"center\" header_font_size_tablet=\"\" header_font_size_phone=\"\" header_font_size_last_edited=\"on|phone\" header_line_height_tablet=\"\" header_line_height_phone=\"1.2em\" header_line_height_last_edited=\"on|phone\" header_2_font_size_tablet=\"\" header_2_font_size_phone=\"26px\" header_2_font_size_last_edited=\"on|phone\" header_2_line_height_tablet=\"\" header_2_line_height_phone=\"1.2em\" header_2_line_height_last_edited=\"on|phone\"]<\/p><p><strong>Pr\u00f3ximamente<\/strong><\/p><p>[\/et_pb_text][\/et_pb_column][\/et_pb_row][\/et_pb_section]<\/p>","_et_gb_content_width":"","footnotes":""},"class_list":["post-51610","page","type-page","status-publish","has-post-thumbnail","hentry"],"acf":[],"yoast_head":"<!-- This site is optimized with the Yoast SEO plugin v26.8 - https:\/\/yoast.com\/product\/yoast-seo-wordpress\/ -->\n<title>T\u00e9rminos y condiciones | Teka Home<\/title>\n<meta name=\"robots\" content=\"noindex, follow\" \/>\n<meta property=\"og:locale\" content=\"es_ES\" \/>\n<meta property=\"og:type\" content=\"article\" \/>\n<meta property=\"og:title\" content=\"T\u00e9rminos y condiciones | Teka Home\" \/>\n<meta property=\"og:description\" content=\"T\u00e9rminos y condiciones de uso de la app Teka Home &nbsp; ACEPTACI\u00d3N DE NUESTROS T\u00c9RMINOS Al crear una cuenta o utilizar nuestros servicios, usted est\u00e1 aceptando los T\u00e9rminos y Condiciones de Uso de la App de TEKA HOME (en adelante los \u201cT&amp;C\u201d). Por tanto, al crear una cuenta confirma que conoce y que ha le\u00eddo [&hellip;]\" \/>\n<meta property=\"og:url\" content=\"https:\/\/tekahome.teka.com\/es-es\/terminos-y-condiciones\/\" \/>\n<meta property=\"og:site_name\" content=\"Teka Home\" \/>\n<meta property=\"article:modified_time\" content=\"2022-03-09T17:15:32+00:00\" \/>\n<meta property=\"og:image\" content=\"https:\/\/tekahome.teka.com\/wp-content\/uploads\/sites\/11\/2022\/01\/Kitchen-with-Teka-Home-connected-appliances.jpg\" \/>\n\t<meta property=\"og:image:width\" content=\"1920\" \/>\n\t<meta property=\"og:image:height\" content=\"1080\" \/>\n\t<meta property=\"og:image:type\" content=\"image\/jpeg\" \/>\n<meta name=\"twitter:card\" content=\"summary_large_image\" \/>\n<meta name=\"twitter:label1\" content=\"Tiempo de lectura\" \/>\n\t<meta name=\"twitter:data1\" content=\"8 minutos\" \/>\n<script type=\"application\/ld+json\" class=\"yoast-schema-graph\">{\"@context\":\"https:\/\/schema.org\",\"@graph\":[{\"@type\":\"WebPage\",\"@id\":\"https:\/\/tekahome.teka.com\/es-es\/terminos-y-condiciones\/\",\"url\":\"https:\/\/tekahome.teka.com\/es-es\/terminos-y-condiciones\/\",\"name\":\"T\u00e9rminos y condiciones | Teka Home\",\"isPartOf\":{\"@id\":\"https:\/\/tekahome.teka.com\/es-es\/#website\"},\"primaryImageOfPage\":{\"@id\":\"https:\/\/tekahome.teka.com\/es-es\/terminos-y-condiciones\/#primaryimage\"},\"image\":{\"@id\":\"https:\/\/tekahome.teka.com\/es-es\/terminos-y-condiciones\/#primaryimage\"},\"thumbnailUrl\":\"https:\/\/tekahome.teka.com\/wp-content\/uploads\/sites\/11\/2022\/01\/Kitchen-with-Teka-Home-connected-appliances.jpg\",\"datePublished\":\"2022-01-25T14:06:17+00:00\",\"dateModified\":\"2022-03-09T17:15:32+00:00\",\"breadcrumb\":{\"@id\":\"https:\/\/tekahome.teka.com\/es-es\/terminos-y-condiciones\/#breadcrumb\"},\"inLanguage\":\"es\",\"potentialAction\":[{\"@type\":\"ReadAction\",\"target\":[\"https:\/\/tekahome.teka.com\/es-es\/terminos-y-condiciones\/\"]}]},{\"@type\":\"ImageObject\",\"inLanguage\":\"es\",\"@id\":\"https:\/\/tekahome.teka.com\/es-es\/terminos-y-condiciones\/#primaryimage\",\"url\":\"https:\/\/tekahome.teka.com\/wp-content\/uploads\/sites\/11\/2022\/01\/Kitchen-with-Teka-Home-connected-appliances.jpg\",\"contentUrl\":\"https:\/\/tekahome.teka.com\/wp-content\/uploads\/sites\/11\/2022\/01\/Kitchen-with-Teka-Home-connected-appliances.jpg\",\"width\":1920,\"height\":1080},{\"@type\":\"BreadcrumbList\",\"@id\":\"https:\/\/tekahome.teka.com\/es-es\/terminos-y-condiciones\/#breadcrumb\",\"itemListElement\":[{\"@type\":\"ListItem\",\"position\":1,\"name\":\"Portada\",\"item\":\"https:\/\/tekahome.teka.com\/es-es\/\"},{\"@type\":\"ListItem\",\"position\":2,\"name\":\"T\u00e9rminos y condiciones\"}]},{\"@type\":\"WebSite\",\"@id\":\"https:\/\/tekahome.teka.com\/es-es\/#website\",\"url\":\"https:\/\/tekahome.teka.com\/es-es\/\",\"name\":\"Teka Home\",\"description\":\"\",\"publisher\":{\"@id\":\"https:\/\/tekahome.teka.com\/es-es\/#organization\"},\"potentialAction\":[{\"@type\":\"SearchAction\",\"target\":{\"@type\":\"EntryPoint\",\"urlTemplate\":\"https:\/\/tekahome.teka.com\/es-es\/?s={search_term_string}\"},\"query-input\":{\"@type\":\"PropertyValueSpecification\",\"valueRequired\":true,\"valueName\":\"search_term_string\"}}],\"inLanguage\":\"es\"},{\"@type\":\"Organization\",\"@id\":\"https:\/\/tekahome.teka.com\/es-es\/#organization\",\"name\":\"Teka\",\"url\":\"https:\/\/tekahome.teka.com\/es-es\/\",\"logo\":{\"@type\":\"ImageObject\",\"inLanguage\":\"es\",\"@id\":\"https:\/\/tekahome.teka.com\/es-es\/#\/schema\/logo\/image\/\",\"url\":\"https:\/\/americanretro.teka.com\/wp-content\/uploads\/sites\/8\/2021\/06\/Lg_TEKA_Red_Box_RGB.jpg\",\"contentUrl\":\"https:\/\/americanretro.teka.com\/wp-content\/uploads\/sites\/8\/2021\/06\/Lg_TEKA_Red_Box_RGB.jpg\",\"width\":1434,\"height\":1434,\"caption\":\"Teka\"},\"image\":{\"@id\":\"https:\/\/tekahome.teka.com\/es-es\/#\/schema\/logo\/image\/\"}}]}<\/script>\n<!-- \/ Yoast SEO plugin. -->","yoast_head_json":{"title":"T\u00e9rminos y condiciones | Teka Home","robots":{"index":"noindex","follow":"follow"},"og_locale":"es_ES","og_type":"article","og_title":"T\u00e9rminos y condiciones | Teka Home","og_description":"T\u00e9rminos y condiciones de uso de la app Teka Home &nbsp; ACEPTACI\u00d3N DE NUESTROS T\u00c9RMINOS Al crear una cuenta o utilizar nuestros servicios, usted est\u00e1 aceptando los T\u00e9rminos y Condiciones de Uso de la App de TEKA HOME (en adelante los \u201cT&amp;C\u201d). Por tanto, al crear una cuenta confirma que conoce y que ha le\u00eddo [&hellip;]","og_url":"https:\/\/tekahome.teka.com\/es-es\/terminos-y-condiciones\/","og_site_name":"Teka Home","article_modified_time":"2022-03-09T17:15:32+00:00","og_image":[{"width":1920,"height":1080,"url":"https:\/\/tekahome.teka.com\/wp-content\/uploads\/sites\/11\/2022\/01\/Kitchen-with-Teka-Home-connected-appliances.jpg","type":"image\/jpeg"}],"twitter_card":"summary_large_image","twitter_misc":{"Tiempo de lectura":"8 minutos"},"schema":{"@context":"https:\/\/schema.org","@graph":[{"@type":"WebPage","@id":"https:\/\/tekahome.teka.com\/es-es\/terminos-y-condiciones\/","url":"https:\/\/tekahome.teka.com\/es-es\/terminos-y-condiciones\/","name":"T\u00e9rminos y condiciones | Teka Home","isPartOf":{"@id":"https:\/\/tekahome.teka.com\/es-es\/#website"},"primaryImageOfPage":{"@id":"https:\/\/tekahome.teka.com\/es-es\/terminos-y-condiciones\/#primaryimage"},"image":{"@id":"https:\/\/tekahome.teka.com\/es-es\/terminos-y-condiciones\/#primaryimage"},"thumbnailUrl":"https:\/\/tekahome.teka.com\/wp-content\/uploads\/sites\/11\/2022\/01\/Kitchen-with-Teka-Home-connected-appliances.jpg","datePublished":"2022-01-25T14:06:17+00:00","dateModified":"2022-03-09T17:15:32+00:00","breadcrumb":{"@id":"https:\/\/tekahome.teka.com\/es-es\/terminos-y-condiciones\/#breadcrumb"},"inLanguage":"es","potentialAction":[{"@type":"ReadAction","target":["https:\/\/tekahome.teka.com\/es-es\/terminos-y-condiciones\/"]}]},{"@type":"ImageObject","inLanguage":"es","@id":"https:\/\/tekahome.teka.com\/es-es\/terminos-y-condiciones\/#primaryimage","url":"https:\/\/tekahome.teka.com\/wp-content\/uploads\/sites\/11\/2022\/01\/Kitchen-with-Teka-Home-connected-appliances.jpg","contentUrl":"https:\/\/tekahome.teka.com\/wp-content\/uploads\/sites\/11\/2022\/01\/Kitchen-with-Teka-Home-connected-appliances.jpg","width":1920,"height":1080},{"@type":"BreadcrumbList","@id":"https:\/\/tekahome.teka.com\/es-es\/terminos-y-condiciones\/#breadcrumb","itemListElement":[{"@type":"ListItem","position":1,"name":"Portada","item":"https:\/\/tekahome.teka.com\/es-es\/"},{"@type":"ListItem","position":2,"name":"T\u00e9rminos y condiciones"}]},{"@type":"WebSite","@id":"https:\/\/tekahome.teka.com\/es-es\/#website","url":"https:\/\/tekahome.teka.com\/es-es\/","name":"Teka Home","description":"","publisher":{"@id":"https:\/\/tekahome.teka.com\/es-es\/#organization"},"potentialAction":[{"@type":"SearchAction","target":{"@type":"EntryPoint","urlTemplate":"https:\/\/tekahome.teka.com\/es-es\/?s={search_term_string}"},"query-input":{"@type":"PropertyValueSpecification","valueRequired":true,"valueName":"search_term_string"}}],"inLanguage":"es"},{"@type":"Organization","@id":"https:\/\/tekahome.teka.com\/es-es\/#organization","name":"Teka","url":"https:\/\/tekahome.teka.com\/es-es\/","logo":{"@type":"ImageObject","inLanguage":"es","@id":"https:\/\/tekahome.teka.com\/es-es\/#\/schema\/logo\/image\/","url":"https:\/\/americanretro.teka.com\/wp-content\/uploads\/sites\/8\/2021\/06\/Lg_TEKA_Red_Box_RGB.jpg","contentUrl":"https:\/\/americanretro.teka.com\/wp-content\/uploads\/sites\/8\/2021\/06\/Lg_TEKA_Red_Box_RGB.jpg","width":1434,"height":1434,"caption":"Teka"},"image":{"@id":"https:\/\/tekahome.teka.com\/es-es\/#\/schema\/logo\/image\/"}}]}},"_links":{"self":[{"href":"https:\/\/tekahome.teka.com\/es-es\/wp-json\/wp\/v2\/pages\/51610","targetHints":{"allow":["GET"]}}],"collection":[{"href":"https:\/\/tekahome.teka.com\/es-es\/wp-json\/wp\/v2\/pages"}],"about":[{"href":"https:\/\/tekahome.teka.com\/es-es\/wp-json\/wp\/v2\/types\/page"}],"author":[{"embeddable":true,"href":"https:\/\/tekahome.teka.com\/es-es\/wp-json\/wp\/v2\/users\/2"}],"replies":[{"embeddable":true,"href":"https:\/\/tekahome.teka.com\/es-es\/wp-json\/wp\/v2\/comments?post=51610"}],"version-history":[{"count":5,"href":"https:\/\/tekahome.teka.com\/es-es\/wp-json\/wp\/v2\/pages\/51610\/revisions"}],"predecessor-version":[{"id":51644,"href":"https:\/\/tekahome.teka.com\/es-es\/wp-json\/wp\/v2\/pages\/51610\/revisions\/51644"}],"wp:featuredmedia":[{"embeddable":true,"href":"https:\/\/tekahome.teka.com\/es-es\/wp-json\/wp\/v2\/media\/51585"}],"wp:attachment":[{"href":"https:\/\/tekahome.teka.com\/es-es\/wp-json\/wp\/v2\/media?parent=51610"}],"curies":[{"name":"wp","href":"https:\/\/api.w.org\/{rel}","templated":true}]}}